{"id":12,"date":"2016-07-31T11:38:56","date_gmt":"2016-07-31T11:38:56","guid":{"rendered":"http:\/\/medienpublikationen.de\/?page_id=12"},"modified":"2025-07-02T09:16:12","modified_gmt":"2025-07-02T09:16:12","slug":"impressum","status":"publish","type":"page","link":"http:\/\/medienpublikationen.de\/?page_id=12","title":{"rendered":"Impressum"},"content":{"rendered":"<p align=\"center\"><span style=\"font-family: Verdana;\"><img loading=\"lazy\" decoding=\"async\" src=\"http:\/\/www.medienpublikation.de\/starttitel.jpg\" width=\"415\" height=\"244\" border=\"0\" \/><\/span><\/p>\n<p align=\"center\"><b><span style=\"font-family: Verdana; font-size: small;\">Com Illusion GbR<br \/>\nAbteilung Medienpublikation<br \/>\n<\/span><\/b><span style=\"font-family: Verdana; font-size: small;\"> \u00a0<b>Gesch\u00e4ftsf\u00fchrer: Patrick Becher &amp; Robin L\u00f6sch <\/b><b> <\/b><\/span><\/p>\n<p align=\"center\"><span style=\"font-family: Verdana;\"><b><span style=\"color: #000000; font-family: Verdana; font-size: small;\">Ansprechpartner f\u00fcr Pressearbeiten \/ Bildverk\u00e4ufe:<br \/>\nPatrick Becher \/ <span style=\"font-family: Verdana; font-size: small;\">E-Mail: <a href=\"mailto:becher@medienpublikation.de\">becher@medienpublikation.de<\/a><\/span><\/span><\/b><\/span><\/p>\n<p style=\"text-align: center;\"><span style=\"font-family: Verdana; font-size: small;\"><b>B\u00fcro: Com Illuson GbR, Abt. Medienpublikation, Fuhlsb\u00fcttler Str. 490, 22309 Hamburg<br \/>\n<\/b><\/span><b><span style=\"font-family: Verdana; font-size: small;\">Telefon: +49 (0)177 7224633 (Patrick)\u00a0 oder +49 (0) 177 8224633 (Robin)<br \/>\n<\/span><\/b><strong><span style=\"font-family: Verdana; font-size: small;\">St-Nr.: <\/span>46\/611\/02700<\/strong><br \/>\n<b><span style=\"font-family: Verdana; font-size: small;\">Umsatzst. ID.:\u00a0 DE175968516<\/span><\/b><\/p>\n<p style=\"text-align: center;\"><b><span style=\"color: #000000; font-family: Verdana; font-size: small;\">Inhaltlich Verantwortlicher gem\u00e4\u00df \u00a7 6 MDStV:<br \/>\n<a href=\"mailto:becher@medienpublikation.de\"> Patrick Becher<\/a> &amp; <a href=\"mailto:comillusion@hotmail.com\"> Robin L\u00f6sch<\/a><\/span><\/b><\/p>\n<p align=\"center\">Danke an<br \/>\nSabine Peine, Melanie Pries, Andre Jahnke, Dieter Nagel, Niko Winckel<br \/>\nund alle anderen helfenden H\u00e4nde<\/p>\n<p align=\"center\">sowie alle Programmierer der freien PHP Scripte die wir verwenden u.a. ISAAC Browser<\/p>\n<div align=\"center\"><\/div>\n<p align=\"center\"><b><span style=\"font-family: Verdana; font-size: small;\"><br \/>\n<\/span> <\/b><span style=\"color: #ff0000; font-family: Verdana; font-size: xx-small;\"> (C) 2012-2015 by<a href=\"mailto:becher@medienpublikation.de\"> P. Becher<\/a>, Com Illusion GbR Hamburg, Abt. Medienpublikationen<\/span><\/p>\n<p>&nbsp;<\/p>\n","protected":false},"excerpt":{"rendered":"<p>Com Illusion GbR Abteilung Medienpublikation \u00a0Gesch\u00e4ftsf\u00fchrer: Patrick Becher &amp; Robin L\u00f6sch Ansprechpartner f\u00fcr Pressearbeiten \/ Bildverk\u00e4ufe: Patrick Becher \/ E-Mail: becher@medienpublikation.de B\u00fcro: Com Illuson<\/p>\n","protected":false},"author":1,"featured_media":0,"parent":0,"menu_order":0,"comment_status":"closed","ping_status":"closed","template":"","meta":{"footnotes":""},"class_list":["post-12","page","type-page","status-publish","hentry"],"_links":{"self":[{"href":"http:\/\/medienpublikationen.de\/index.php?rest_route=\/wp\/v2\/pages\/12","targetHints":{"allow":["GET"]}}],"collection":[{"href":"http:\/\/medienpublikationen.de\/index.php?rest_route=\/wp\/v2\/pages"}],"about":[{"href":"http:\/\/medienpublikationen.de\/index.php?rest_route=\/wp\/v2\/types\/page"}],"author":[{"embeddable":true,"href":"http:\/\/medienpublikationen.de\/index.php?rest_route=\/wp\/v2\/users\/1"}],"replies":[{"embeddable":true,"href":"http:\/\/medienpublikationen.de\/index.php?rest_route=%2Fwp%2Fv2%2Fcomments&post=12"}],"version-history":[{"count":11,"href":"http:\/\/medienpublikationen.de\/index.php?rest_route=\/wp\/v2\/pages\/12\/revisions"}],"predecessor-version":[{"id":366,"href":"http:\/\/medienpublikationen.de\/index.php?rest_route=\/wp\/v2\/pages\/12\/revisions\/366"}],"wp:attachment":[{"href":"http:\/\/medienpublikationen.de\/index.php?rest_route=%2Fwp%2Fv2%2Fmedia&parent=12"}],"curies":[{"name":"wp","href":"https:\/\/api.w.org\/{rel}","templated":true}]}}